{"id":772,"date":"2023-10-04T20:29:47","date_gmt":"2023-10-04T20:29:47","guid":{"rendered":"https:\/\/captivatebaern.ch\/?page_id=772"},"modified":"2025-12-22T06:29:49","modified_gmt":"2025-12-22T06:29:49","slug":"zusammenfassung","status":"publish","type":"page","link":"https:\/\/captivatebaern.ch\/de\/zusammenfassung\/","title":{"rendered":"zusammenfassung"},"content":{"rendered":"<div data-elementor-type=\"wp-page\" data-elementor-id=\"772\" class=\"elementor elementor-772\" data-elementor-post-type=\"page\">\n\t\t\t\t\t\t<section class=\"elementor-section elementor-top-section elementor-element elementor-element-444ba32 elementor-section-boxed elementor-section-height-default elementor-section-height-default\" data-id=\"444ba32\" data-element_type=\"section\" data-e-type=\"section\">\n\t\t\t\t\t\t<div class=\"elementor-container elementor-column-gap-default\">\n\t\t\t\t\t<div class=\"elementor-column elementor-col-100 elementor-top-column elementor-element elementor-element-dd28e1f\" data-id=\"dd28e1f\" data-element_type=\"column\" data-e-type=\"column\">\n\t\t\t<div class=\"elementor-widget-wrap elementor-element-populated\">\n\t\t\t\t\t\t<div class=\"elementor-element elementor-element-19558a3 elementor-widget elementor-widget-spacer\" data-id=\"19558a3\" data-element_type=\"widget\" data-e-type=\"widget\" data-widget_type=\"spacer.default\">\n\t\t\t\t<div class=\"elementor-widget-container\">\n\t\t\t\t\t\t\t<div class=\"elementor-spacer\">\n\t\t\t<div class=\"elementor-spacer-inner\"><\/div>\n\t\t<\/div>\n\t\t\t\t\t\t<\/div>\n\t\t\t\t<\/div>\n\t\t\t\t<div class=\"elementor-element elementor-element-e2788ec elementor-widget elementor-widget-text-editor\" data-id=\"e2788ec\" data-element_type=\"widget\" data-e-type=\"widget\" data-widget_type=\"text-editor.default\">\n\t\t\t\t<div class=\"elementor-widget-container\">\n\t\t\t\t\t\t\t\t\t<h3>Gregs Tagebuch - Das Musical - Zusammenfassung<\/h3><h4>\u00a0<\/h4><h4>Kurzbeschreibung<\/h4><p>Das Musical folgt Greg Heffley durch sein turbulentes erstes Jahr an der Mittelstufe. Er versucht verzweifelt, popul\u00e4r zu werden - stattdessen wird er als Tagebuchschreiber verspottet und merkt, wie hart der Neustart ist. Die Dialoge unserer Produktion sind auf Deutsch, die Songs bleiben im englischen Original; hier finden Sie kurze Inhaltsangaben zu allen Liedern auf Deutsch.<\/p><h4>Die Mitte von allem - Teil 1<\/h4><p>Greg f\u00fcrchtet den Start in der Mittelstufe - er hofft, dass er popul\u00e4r und endlich im Mittelpunkt stehen wird. In der Schule wird aber schnell klar, wie hart die Hierarchie ist.\u00a0<\/p><h4>Der Cheese Touch<\/h4><p>Die Kids warnen vor dem legend\u00e4ren K\u00e4se-Fluch. Wer den K\u00e4se ber\u00fchrt, ist sozial erledigt und wird von allen gemieden.<\/p><h4>Die Mitte von allem - Teil 2<\/h4><p>Greg will nicht unpopul\u00e4r wirken und findet Rowley peinlich. Er erkennt: Eine einzige Sache kann dich popul\u00e4r machen - Greg und Rowley schmieden den Plan, durch das Jahrbuch popul\u00e4r zu werden.<\/p><h4>Joshie sagt<\/h4><p>Rowley schw\u00e4rmt vom Kinderstar Joshie. Seine Begeisterung zeigt, wie wichtig ihm Idole und Zugeh\u00f6rigkeit sind.<\/p><h4>Besser als du<\/h4><p>Greg tritt bei der Schulwahl an, aber Patty Farrell ist Perfektion pur. Greg schl\u00e4gt mit Ger\u00fcchten \u00fcber Patty zur\u00fcck - und muss daf\u00fcr nachsitzen.<\/p><h4>Du \u00e4nderst dich<\/h4><p>Ein peinliches Vater-Sohn-Gespr\u00e4ch \u00fcber Pubert\u00e4t, K\u00f6rper, Hormone und das Erwachsenwerden. Beide tun sich schwer, offen \u00fcber Gef\u00fchle und Ver\u00e4nderungen zu sprechen.<\/p><h4>Alles \u00fcber die Mama-Bucks<\/h4><p>Greg entdeckt, dass Chirag Spielgeld besitzt, das bei seiner Mutter in echtes Geld umgetauscht werden kann. Die beiden tr\u00e4umen davon, reich und beliebt zu werden.<\/p><h4>Tierisches Herz<\/h4><p>Ein surreales Albtraum-Popkonzert mit Joshie, in dem Rowley Greg als \u201ebesten Freund\u201c bezeichnet. Die Szene zeigt Rowleys Wunsch nach N\u00e4he und Gregs Unsicherheit.<\/p><h4>Sicherheitspatrouille<\/h4><p>Greg wird Teil der Schulpatrouille - und der \u00fcbermotivierte Rowley ist auch dabei. Beide bekommen Verantwortung, doch ihre Freundschaft ger\u00e4t unter Druck.<\/p><h4>Mein Ding machen<\/h4><p>Greg und Rowley entwickeln den Comic \u201eZoo-Wee Mama\u201c. Greg behauptet jedoch, dass die Idee von ihm stammt. Der Streit um die Urheberschaft eskaliert.<\/p><h4>Er hat es geschafft!<\/h4><p>Greg wird neuer Karikaturist f\u00fcr das Jahrbuch und wird daf\u00fcr gefeiert. Rowley fliegt aus der Safety Patrol und versteht nicht, warum.<\/p><h4>Was wirklich geschah<\/h4><p>Greg erz\u00e4hlt, dass er bei der Tat, die Kinderg\u00e4rtner in den Graben zu schubsen, mit Rowley verwechselt wurde, weil er Rowleys Poncho getragen hat. Damit wird klar, dass Rowley zu Unrecht die Schuld tr\u00e4gt.<\/p><h4>Tu das Richtige, Greg<\/h4><p>Gregs Mutter fordert ihn auf, Verantwortung zu \u00fcbernehmen. Greg l\u00e4sst trotzdem Rowley weiter die Schuld tragen - und f\u00fchlt sich zun\u00e4chst noch gut dabei.<\/p><h4>Rodrick-Regeln<\/h4><p>Rodrick wei\u00df, dass Greg schuldig ist, und erpresst ihn mit seinen Tagebuch-Geheimnissen. Greg ger\u00e4t dadurch immer st\u00e4rker unter Druck.<\/p><h4>Das Fregley-Lied (Das w\u00e4re ein Spa\u00df)<\/h4><p>Fregley, das unbeliebteste Kind der Schule, l\u00e4dt Greg zu sich nach Hause ein. Die Begegnung ist schr\u00e4g, grenz\u00fcberschreitend und f\u00fcr Greg sehr unangenehm.<\/p><h4>Liebes Tagebuch<\/h4><p>Greg merkt, dass sein Plan, beliebt zu werden, nicht funktioniert. Greg und Rowley f\u00fchlen sich beide ungl\u00fccklich und unverstanden.<\/p><h4>Der Kampf<\/h4><p>Konfrontation um \u201eZoo-Wee Mama\u201c: Gregs und Rowleys Freundschaft zerbricht. Die Teenager zwingen Rowley, den K\u00e4se zu essen, und dem\u00fctigen ihn vor allen.<\/p><h4>Die Mitte von allem - Finale<\/h4><p>Greg opfert sich f\u00fcr Rowley und \u00fcbernimmt endlich Verantwortung. Er merkt, dass es wichtiger ist, einen Freund zu haben, als beliebt zu sein.<\/p><h6><em>Hinweis: Die Songs werden im englischen Original gesungen; diese Zusammenfassungen sind auf Deutsch verfasst.<\/em><\/h6>\t\t\t\t\t\t\t\t<\/div>\n\t\t\t\t<\/div>\n\t\t\t\t\t<\/div>\n\t\t<\/div>\n\t\t\t\t\t<\/div>\n\t\t<\/section>\n\t\t\t\t<\/div>","protected":false},"excerpt":{"rendered":"<p>Gregs Tagebuch \u2013 Das Musical &#8211; Zusammenfassung \u00a0 Kurzbeschreibung Das Musical folgt Greg Heffley durch sein turbulentes erstes Jahr an der Mittelstufe. Er versucht verzweifelt, popul\u00e4r zu werden \u2013 stattdessen wird er als Tagebuchschreiber verspottet und merkt, wie hart der Neustart ist. Die Dialoge unserer Produktion sind auf Deutsch, die Songs bleiben im englischen Original; [&hellip;]<\/p>\n","protected":false},"author":1,"featured_media":0,"parent":0,"menu_order":0,"comment_status":"closed","ping_status":"closed","template":"","meta":{"footnotes":""},"class_list":["post-772","page","type-page","status-publish","hentry"],"_links":{"self":[{"href":"https:\/\/captivatebaern.ch\/de\/wp-json\/wp\/v2\/pages\/772","targetHints":{"allow":["GET"]}}],"collection":[{"href":"https:\/\/captivatebaern.ch\/de\/wp-json\/wp\/v2\/pages"}],"about":[{"href":"https:\/\/captivatebaern.ch\/de\/wp-json\/wp\/v2\/types\/page"}],"author":[{"embeddable":true,"href":"https:\/\/captivatebaern.ch\/de\/wp-json\/wp\/v2\/users\/1"}],"replies":[{"embeddable":true,"href":"https:\/\/captivatebaern.ch\/de\/wp-json\/wp\/v2\/comments?post=772"}],"version-history":[{"count":19,"href":"https:\/\/captivatebaern.ch\/de\/wp-json\/wp\/v2\/pages\/772\/revisions"}],"predecessor-version":[{"id":2570,"href":"https:\/\/captivatebaern.ch\/de\/wp-json\/wp\/v2\/pages\/772\/revisions\/2570"}],"wp:attachment":[{"href":"https:\/\/captivatebaern.ch\/de\/wp-json\/wp\/v2\/media?parent=772"}],"curies":[{"name":"wp","href":"https:\/\/api.w.org\/{rel}","templated":true}]}}