{"id":110,"date":"2023-08-05T16:18:35","date_gmt":"2023-08-05T16:18:35","guid":{"rendered":"https:\/\/captivatebaern.ch\/?page_id=110"},"modified":"2026-03-24T08:12:30","modified_gmt":"2026-03-24T08:12:30","slug":"association","status":"publish","type":"page","link":"https:\/\/captivatebaern.ch\/de\/association\/","title":{"rendered":"Verein"},"content":{"rendered":"<div data-elementor-type=\"wp-page\" data-elementor-id=\"110\" class=\"elementor elementor-110\" data-elementor-post-type=\"page\">\n\t\t\t\t\t\t<section class=\"elementor-section elementor-top-section elementor-element elementor-element-ce12b1a elementor-section-boxed elementor-section-height-default elementor-section-height-default\" data-id=\"ce12b1a\" data-element_type=\"section\" data-e-type=\"section\">\n\t\t\t\t\t\t<div class=\"elementor-container elementor-column-gap-default\">\n\t\t\t\t\t<div class=\"elementor-column elementor-col-100 elementor-top-column elementor-element elementor-element-c5960f3\" data-id=\"c5960f3\" data-element_type=\"column\" data-e-type=\"column\">\n\t\t\t<div class=\"elementor-widget-wrap elementor-element-populated\">\n\t\t\t\t\t\t<div class=\"elementor-element elementor-element-14e6e63 elementor-widget elementor-widget-heading\" data-id=\"14e6e63\" data-element_type=\"widget\" data-e-type=\"widget\" data-widget_type=\"heading.default\">\n\t\t\t\t<div class=\"elementor-widget-container\">\n\t\t\t\t\t<h2 class=\"elementor-heading-title elementor-size-default\">Captivate B\u00e4rn<\/h2>\t\t\t\t<\/div>\n\t\t\t\t<\/div>\n\t\t\t\t\t<\/div>\n\t\t<\/div>\n\t\t\t\t\t<\/div>\n\t\t<\/section>\n\t\t\t\t<section class=\"elementor-section elementor-top-section elementor-element elementor-element-adc52ee elementor-section-boxed elementor-section-height-default elementor-section-height-default\" data-id=\"adc52ee\" data-element_type=\"section\" data-e-type=\"section\">\n\t\t\t\t\t\t<div class=\"elementor-container elementor-column-gap-default\">\n\t\t\t\t\t<div class=\"elementor-column elementor-col-100 elementor-top-column elementor-element elementor-element-f0addde\" data-id=\"f0addde\" data-element_type=\"column\" data-e-type=\"column\">\n\t\t\t<div class=\"elementor-widget-wrap elementor-element-populated\">\n\t\t\t\t\t\t<section class=\"elementor-section elementor-inner-section elementor-element elementor-element-7f4b66a elementor-section-boxed elementor-section-height-default elementor-section-height-default\" data-id=\"7f4b66a\" data-element_type=\"section\" data-e-type=\"section\">\n\t\t\t\t\t\t<div class=\"elementor-container elementor-column-gap-default\">\n\t\t\t\t\t<div class=\"elementor-column elementor-col-50 elementor-inner-column elementor-element elementor-element-35624b4\" data-id=\"35624b4\" data-element_type=\"column\" data-e-type=\"column\">\n\t\t\t<div class=\"elementor-widget-wrap elementor-element-populated\">\n\t\t\t\t\t\t<div class=\"elementor-element elementor-element-5ffff90 elementor-widget elementor-widget-text-editor\" data-id=\"5ffff90\" data-element_type=\"widget\" data-e-type=\"widget\" data-widget_type=\"text-editor.default\">\n\t\t\t\t<div class=\"elementor-widget-container\">\n\t\t\t\t\t\t\t\t\t<p>ist ein im Jahr 2023 gegr\u00fcndeter Verein, der sich zum Ziel gesetzt hat, lokale Talente zu f\u00f6rdern, indem er Menschen jeden Alters die M\u00f6glichkeit bietet, in lokal produzierten Musicals mitzuwirken - auf der B\u00fchne und im Off - und das Musical als Kunstform in der Berner Kulturszene zu verankern.<\/p>\n<p>Neben der Durchf\u00fchrung von Community-Events produzieren wir Musicals und bieten Workshops f\u00fcr Darsteller und angehende Darsteller an, die die Leidenschaft f\u00fcr Musicals teilen. Captivate B\u00e4rn versteht sich als Gemeinschaft und Netzwerk f\u00fcr alle musicalbegeisterten Menschen in Bern.<\/p>\t\t\t\t\t\t\t\t<\/div>\n\t\t\t\t<\/div>\n\t\t\t\t<div class=\"elementor-element elementor-element-dd615e2 elementor-align-left elementor-widget elementor-widget-button\" data-id=\"dd615e2\" data-element_type=\"widget\" data-e-type=\"widget\" data-widget_type=\"button.default\">\n\t\t\t\t<div class=\"elementor-widget-container\">\n\t\t\t\t\t\t\t\t\t<div class=\"elementor-button-wrapper\">\n\t\t\t\t\t<a class=\"elementor-button elementor-button-link elementor-size-sm elementor-animation-grow\" href=\"https:\/\/captivatebaern.ch\/de\/subscribe\/\" target=\"_blank\">\n\t\t\t\t\t\t<span class=\"elementor-button-content-wrapper\">\n\t\t\t\t\t\t\t\t\t<span class=\"elementor-button-text\">Erhalten Sie unseren Newsletter<\/span>\n\t\t\t\t\t<\/span>\n\t\t\t\t\t<\/a>\n\t\t\t\t<\/div>\n\t\t\t\t\t\t\t\t<\/div>\n\t\t\t\t<\/div>\n\t\t\t\t\t<\/div>\n\t\t<\/div>\n\t\t\t\t<div class=\"elementor-column elementor-col-50 elementor-inner-column elementor-element elementor-element-c96a1d1\" data-id=\"c96a1d1\" data-element_type=\"column\" data-e-type=\"column\">\n\t\t\t<div class=\"elementor-widget-wrap elementor-element-populated\">\n\t\t\t\t\t\t<div class=\"elementor-element elementor-element-2b55fc2 elementor-widget elementor-widget-image\" data-id=\"2b55fc2\" data-element_type=\"widget\" data-e-type=\"widget\" data-widget_type=\"image.default\">\n\t\t\t\t<div class=\"elementor-widget-container\">\n\t\t\t\t\t\t\t\t\t\t\t\t\t\t\t<img fetchpriority=\"high\" decoding=\"async\" width=\"800\" height=\"534\" src=\"https:\/\/captivatebaern.ch\/wp-content\/uploads\/2023\/12\/image00035-1024x683.jpeg\" class=\"attachment-large size-large wp-image-1133\" alt=\"\" srcset=\"https:\/\/captivatebaern.ch\/wp-content\/uploads\/2023\/12\/image00035-1024x683.jpeg 1024w, https:\/\/captivatebaern.ch\/wp-content\/uploads\/2023\/12\/image00035-300x200.jpeg 300w, https:\/\/captivatebaern.ch\/wp-content\/uploads\/2023\/12\/image00035-768x512.jpeg 768w, https:\/\/captivatebaern.ch\/wp-content\/uploads\/2023\/12\/image00035-1536x1024.jpeg 1536w, https:\/\/captivatebaern.ch\/wp-content\/uploads\/2023\/12\/image00035-2048x1365.jpeg 2048w\" sizes=\"(max-width: 800px) 100vw, 800px\" \/>\t\t\t\t\t\t\t\t\t\t\t\t\t\t\t<\/div>\n\t\t\t\t<\/div>\n\t\t\t\t\t<\/div>\n\t\t<\/div>\n\t\t\t\t\t<\/div>\n\t\t<\/section>\n\t\t\t\t<div class=\"elementor-element elementor-element-1afaf9c elementor-widget elementor-widget-spacer\" data-id=\"1afaf9c\" data-element_type=\"widget\" data-e-type=\"widget\" data-widget_type=\"spacer.default\">\n\t\t\t\t<div class=\"elementor-widget-container\">\n\t\t\t\t\t\t\t<div class=\"elementor-spacer\">\n\t\t\t<div class=\"elementor-spacer-inner\"><\/div>\n\t\t<\/div>\n\t\t\t\t\t\t<\/div>\n\t\t\t\t<\/div>\n\t\t\t\t<div class=\"elementor-element elementor-element-64822e4 elementor-widget elementor-widget-text-editor\" data-id=\"64822e4\" data-element_type=\"widget\" data-e-type=\"widget\" data-widget_type=\"text-editor.default\">\n\t\t\t\t<div class=\"elementor-widget-container\">\n\t\t\t\t\t\t\t\t\t<h5><strong>CAPTIVATE KARAOKE: eine FABULOUS Gemeinschaftsveranstaltung<\/strong><\/h5>\t\t\t\t\t\t\t\t<\/div>\n\t\t\t\t<\/div>\n\t\t\t\t<section class=\"elementor-section elementor-inner-section elementor-element elementor-element-45fa95d elementor-section-boxed elementor-section-height-default elementor-section-height-default\" data-id=\"45fa95d\" data-element_type=\"section\" data-e-type=\"section\">\n\t\t\t\t\t\t<div class=\"elementor-container elementor-column-gap-default\">\n\t\t\t\t\t<div class=\"elementor-column elementor-col-50 elementor-inner-column elementor-element elementor-element-28b7b6f\" data-id=\"28b7b6f\" data-element_type=\"column\" data-e-type=\"column\">\n\t\t\t<div class=\"elementor-widget-wrap elementor-element-populated\">\n\t\t\t\t\t\t<div class=\"elementor-element elementor-element-b13f56e elementor-widget elementor-widget-image\" data-id=\"b13f56e\" data-element_type=\"widget\" data-e-type=\"widget\" data-widget_type=\"image.default\">\n\t\t\t\t<div class=\"elementor-widget-container\">\n\t\t\t\t\t\t\t\t\t\t\t\t\t\t\t<img decoding=\"async\" width=\"640\" height=\"640\" src=\"https:\/\/captivatebaern.ch\/wp-content\/uploads\/2024\/11\/Captivate-Caraoke-Quartett.png\" class=\"attachment-large size-large wp-image-1532\" alt=\"Karaoke night\" srcset=\"https:\/\/captivatebaern.ch\/wp-content\/uploads\/2024\/11\/Captivate-Caraoke-Quartett.png 640w, https:\/\/captivatebaern.ch\/wp-content\/uploads\/2024\/11\/Captivate-Caraoke-Quartett-300x300.png 300w, https:\/\/captivatebaern.ch\/wp-content\/uploads\/2024\/11\/Captivate-Caraoke-Quartett-150x150.png 150w\" sizes=\"(max-width: 640px) 100vw, 640px\" \/>\t\t\t\t\t\t\t\t\t\t\t\t\t\t\t<\/div>\n\t\t\t\t<\/div>\n\t\t\t\t\t<\/div>\n\t\t<\/div>\n\t\t\t\t<div class=\"elementor-column elementor-col-50 elementor-inner-column elementor-element elementor-element-0c5b4b3\" data-id=\"0c5b4b3\" data-element_type=\"column\" data-e-type=\"column\">\n\t\t\t<div class=\"elementor-widget-wrap elementor-element-populated\">\n\t\t\t\t\t\t<div class=\"elementor-element elementor-element-49322cf elementor-widget elementor-widget-text-editor\" data-id=\"49322cf\" data-element_type=\"widget\" data-e-type=\"widget\" data-widget_type=\"text-editor.default\">\n\t\t\t\t<div class=\"elementor-widget-container\">\n\t\t\t\t\t\t\t\t\t<p>Lieben Sie Musicals? Sie lieben es zu singen? Treten Sie ins Rampenlicht und gl\u00e4nzen Sie mit Ihren Lieblingssongs aus Musicals auf der B\u00fchne oder der Leinwand!<\/p><p>Jeder ist willkommen - Anf\u00e4nger und erfahrene Karaoke-S\u00e4nger gleicherma\u00dfen! Wenn ihr singen wollt, schickt Robb (<a href=\"mailto:robb@captivatebaern.ch?subject=Captivate%20Caraoke&amp;body=\" target=\"_blank\" rel=\"noopener\">robb@captivatebaern.ch<\/a>) eine E-Mail mit entweder einem Link zu Ihrem Karaoke-Track auf <a href=\"https:\/\/www.youtube.com\/@MusicalTheatreKaraoke\">YouTube<\/a> oder die Backing Track Datei selbst. Wenn ihr nicht so gerne im Voraus planen wollt, kommt einfach vorbei und wir suchen euch an dem Abend einen Backing Track aus.<\/p><p><span style=\"color: var( --e-global-color-text ); font-family: var( --e-global-typography-text-font-family ), Sans-serif; font-weight: var( --e-global-typography-text-font-weight ); font-size: 1rem;\">Besuchen Sie uns bei <\/span><a href=\"https:\/\/www.kultur-visavis.ch\/\" target=\"_blank\" rel=\"noopener\">Kunst- und Kulturhaus VISAVIS<\/a><span style=\"color: var( --e-global-color-text ); font-family: var( --e-global-typography-text-font-family ), Sans-serif; font-weight: var( --e-global-typography-text-font-weight ); font-size: 1rem;\"> f\u00fcr unsere n\u00e4chste Karaoke-Sitzung im <strong>Gerechtigkeitsgasse 44 \/ 3011 Bern<\/strong><\/span><\/p><p>MELDEN SIE SICH F\u00dcR UNSEREN NEWSLETTER AN, UM AUF DEM LAUFENDEN ZU BLEIBEN UND DEN N\u00c4CHSTEN KARAOKE-TERMIN ZU ERFAHREN!<\/p>\t\t\t\t\t\t\t\t<\/div>\n\t\t\t\t<\/div>\n\t\t\t\t<div class=\"elementor-element elementor-element-0fd9d51 elementor-align-left elementor-widget elementor-widget-button\" data-id=\"0fd9d51\" data-element_type=\"widget\" data-e-type=\"widget\" data-widget_type=\"button.default\">\n\t\t\t\t<div class=\"elementor-widget-container\">\n\t\t\t\t\t\t\t\t\t<div class=\"elementor-button-wrapper\">\n\t\t\t\t\t<a class=\"elementor-button elementor-button-link elementor-size-sm elementor-animation-grow\" href=\"https:\/\/captivatebaern.ch\/de\/subscribe\/\" target=\"_blank\">\n\t\t\t\t\t\t<span class=\"elementor-button-content-wrapper\">\n\t\t\t\t\t\t\t\t\t<span class=\"elementor-button-text\">Erhalten Sie unseren Newsletter<\/span>\n\t\t\t\t\t<\/span>\n\t\t\t\t\t<\/a>\n\t\t\t\t<\/div>\n\t\t\t\t\t\t\t\t<\/div>\n\t\t\t\t<\/div>\n\t\t\t\t<div class=\"elementor-element elementor-element-4bfe487 elementor-widget elementor-widget-text-editor\" data-id=\"4bfe487\" data-element_type=\"widget\" data-e-type=\"widget\" data-widget_type=\"text-editor.default\">\n\t\t\t\t<div class=\"elementor-widget-container\">\n\t\t\t\t\t\t\t\t\t<p>Zuk\u00fcnftige Karaoke-Termine f\u00fcr Ihren Kalender:<\/p>\t\t\t\t\t\t\t\t<\/div>\n\t\t\t\t<\/div>\n\t\t\t\t<div class=\"elementor-element elementor-element-0a9bf66 elementor-widget elementor-widget-text-editor\" data-id=\"0a9bf66\" data-element_type=\"widget\" data-e-type=\"widget\" data-widget_type=\"text-editor.default\">\n\t\t\t\t<div class=\"elementor-widget-container\">\n\t\t\t\t\t\t\t\t\t<ul><li>Zuk\u00fcnftige Termine werden noch bekannt gegeben...\u00a0 \u00a0<\/li><li><strong>Hallo:<\/strong> Welcher Wochentag und welche Uhrzeit sind f\u00fcr Sie am besten geeignet? Lassen Sie es uns in einer E-Mail wissen! (<a href=\"mailto:robb@captivatebaern.ch?subject=Captivate%20Caraoke&amp;body=\" target=\"_blank\" rel=\"noopener\">robb@captivatebaern.ch<\/a>)<\/li><\/ul>\t\t\t\t\t\t\t\t<\/div>\n\t\t\t\t<\/div>\n\t\t\t\t\t<\/div>\n\t\t<\/div>\n\t\t\t\t\t<\/div>\n\t\t<\/section>\n\t\t\t\t\t<\/div>\n\t\t<\/div>\n\t\t\t\t\t<\/div>\n\t\t<\/section>\n\t\t\t\t<\/div>","protected":false},"excerpt":{"rendered":"<p>Eine Berner Theatergemeinschaft, die es sich zur Aufgabe gemacht hat, lokale Talente jeden Alters zu f\u00f6rdern und Musiktheater auf die Berner B\u00fchnen zu bringen.<\/p>","protected":false},"author":1,"featured_media":1565,"parent":0,"menu_order":0,"comment_status":"closed","ping_status":"closed","template":"","meta":{"footnotes":""},"class_list":["post-110","page","type-page","status-publish","has-post-thumbnail","hentry"],"_links":{"self":[{"href":"https:\/\/captivatebaern.ch\/de\/wp-json\/wp\/v2\/pages\/110","targetHints":{"allow":["GET"]}}],"collection":[{"href":"https:\/\/captivatebaern.ch\/de\/wp-json\/wp\/v2\/pages"}],"about":[{"href":"https:\/\/captivatebaern.ch\/de\/wp-json\/wp\/v2\/types\/page"}],"author":[{"embeddable":true,"href":"https:\/\/captivatebaern.ch\/de\/wp-json\/wp\/v2\/users\/1"}],"replies":[{"embeddable":true,"href":"https:\/\/captivatebaern.ch\/de\/wp-json\/wp\/v2\/comments?post=110"}],"version-history":[{"count":194,"href":"https:\/\/captivatebaern.ch\/de\/wp-json\/wp\/v2\/pages\/110\/revisions"}],"predecessor-version":[{"id":2705,"href":"https:\/\/captivatebaern.ch\/de\/wp-json\/wp\/v2\/pages\/110\/revisions\/2705"}],"wp:featuredmedia":[{"embeddable":true,"href":"https:\/\/captivatebaern.ch\/de\/wp-json\/wp\/v2\/media\/1565"}],"wp:attachment":[{"href":"https:\/\/captivatebaern.ch\/de\/wp-json\/wp\/v2\/media?parent=110"}],"curies":[{"name":"wp","href":"https:\/\/api.w.org\/{rel}","templated":true}]}}